{"id":507,"date":"2023-10-07T11:42:22","date_gmt":"2023-10-07T09:42:22","guid":{"rendered":"https:\/\/leognanentransition.org\/?page_id=507"},"modified":"2024-09-17T13:23:36","modified_gmt":"2024-09-17T11:23:36","slug":"soiree-debat","status":"publish","type":"page","link":"https:\/\/leognanentransition.org\/index.php\/soiree-debat\/","title":{"rendered":"Soir\u00e9es-d\u00e9bats"},"content":{"rendered":"<p>[et_pb_section fb_built=&#8221;1&#8243; admin_label=&#8221;New Arrivals Section&#8221; _builder_version=&#8221;3.22&#8243; custom_padding=&#8221;120px|0px|120px|0px&#8221; locked=&#8221;off&#8221;][et_pb_row _builder_version=&#8221;4.8.2&#8243;][et_pb_column type=&#8221;4_4&#8243; _builder_version=&#8221;3.25&#8243; custom_padding=&#8221;|||&#8221; custom_padding__hover=&#8221;|||&#8221;][et_pb_text admin_label=&#8221;Title&#8221; _builder_version=&#8221;3.27.4&#8243; text_font=&#8221;||||||||&#8221; header_font=&#8221;||||||||&#8221; header_line_height=&#8221;1.2em&#8221; header_2_font=&#8221;Quattrocento||||||||&#8221; header_2_font_size=&#8221;60px&#8221; header_2_line_height=&#8221;1.3em&#8221; text_orientation=&#8221;center&#8221; custom_margin=&#8221;||10px|&#8221; animation_style=&#8221;fade&#8221; animation_direction=&#8221;left&#8221; animation_starting_opacity=&#8221;100%&#8221; header_2_font_size_tablet=&#8221;40px&#8221; header_2_font_size_phone=&#8221;&#8221; header_2_font_size_last_edited=&#8221;on|tablet&#8221;]<\/p>\n<h2>Documents li\u00e9s \u00e0 nos soir\u00e9es-d\u00e9bats<\/h2>\n<p>[\/et_pb_text][et_pb_text admin_label=&#8221;Subtitle&#8221; _builder_version=&#8221;4.8.2&#8243; text_font=&#8221;Quattrocento||||||||&#8221; text_font_size=&#8221;18px&#8221; text_line_height=&#8221;2.2em&#8221; header_font=&#8221;||||||||&#8221; header_2_font=&#8221;||||||||&#8221; text_orientation=&#8221;center&#8221; max_width=&#8221;700px&#8221; module_alignment=&#8221;center&#8221; animation_style=&#8221;fade&#8221; animation_direction=&#8221;left&#8221; animation_starting_opacity=&#8221;100%&#8221;]Vous pouvez t\u00e9l\u00e9charger ces documents en lien avec les soir\u00e9es-d\u00e9bats que nous organisons.[\/et_pb_text][\/et_pb_column][\/et_pb_row][et_pb_row column_structure=&#8221;2_5,3_5&#8243; _builder_version=&#8221;4.8.2&#8243; _module_preset=&#8221;default&#8221;][et_pb_column type=&#8221;2_5&#8243; _builder_version=&#8221;4.8.2&#8243; _module_preset=&#8221;default&#8221;][et_pb_image src=&#8221;https:\/\/leognanentransition.org\/wp-content\/uploads\/2024\/09\/soiree_debat_energie-980&#215;538.jpg.webp&#8221; alt=&#8221;stand march\u00e9 de l\u00e9ognan&#8221; title_text=&#8221;soiree_debat_energie-980&#215;538.jpg&#8221; _builder_version=&#8221;4.8.2&#8243; _module_preset=&#8221;default&#8221; hover_enabled=&#8221;0&#8243; sticky_enabled=&#8221;0&#8243;][\/et_pb_image][\/et_pb_column][et_pb_column type=&#8221;3_5&#8243; _builder_version=&#8221;4.8.2&#8243; _module_preset=&#8221;default&#8221;][et_pb_text admin_label=&#8221;Title&#8221; _builder_version=&#8221;4.8.2&#8243; text_font=&#8221;||||||||&#8221; header_font=&#8221;||||||||&#8221; header_line_height=&#8221;1.2em&#8221; header_2_font=&#8221;Quattrocento||||||||&#8221; header_2_font_size=&#8221;60px&#8221; header_2_line_height=&#8221;1.3em&#8221; text_orientation=&#8221;center&#8221; custom_margin=&#8221;||10px|&#8221; animation_style=&#8221;fade&#8221; animation_direction=&#8221;left&#8221; animation_starting_opacity=&#8221;100%&#8221; header_2_font_size_tablet=&#8221;40px&#8221; header_2_font_size_phone=&#8221;&#8221; header_2_font_size_last_edited=&#8221;on|tablet&#8221;]<\/p>\n<h3>\u00c9nergie<\/h3>\n<p>La pr\u00e9sentation d&#8217;Olivier et Emmanuel sur leurs installations PV et l&#8217;autoconsommation.<\/p>\n<p>Lien vers <a href=\"https:\/\/solevent.org\/\"><\/a><a href=\"https:\/\/solevent.org\/\">Sol\u00e9vent<\/a><\/p>\n<p>[\/et_pb_text][\/et_pb_column][\/et_pb_row][et_pb_row column_structure=&#8221;2_5,3_5&#8243; _builder_version=&#8221;4.8.2&#8243; _module_preset=&#8221;default&#8221;][et_pb_column type=&#8221;2_5&#8243; _builder_version=&#8221;4.8.2&#8243; _module_preset=&#8221;default&#8221;][et_pb_image src=&#8221;https:\/\/leognanentransition.org\/wp-content\/uploads\/2024\/09\/DSCN5871-scaled.jpg.webp&#8221; alt=&#8221;atelier v\u00e9lo l\u00e9ognan en transition&#8221; title_text=&#8221;DSCN5871-scaled.jpg&#8221; _builder_version=&#8221;4.8.2&#8243; _module_preset=&#8221;default&#8221; hover_enabled=&#8221;0&#8243; sticky_enabled=&#8221;0&#8243;][\/et_pb_image][\/et_pb_column][et_pb_column type=&#8221;3_5&#8243; _builder_version=&#8221;4.8.2&#8243; _module_preset=&#8221;default&#8221;][et_pb_text admin_label=&#8221;Title&#8221; _builder_version=&#8221;4.8.2&#8243; text_font=&#8221;||||||||&#8221; header_font=&#8221;||||||||&#8221; header_line_height=&#8221;1.2em&#8221; header_2_font=&#8221;Quattrocento||||||||&#8221; header_2_font_size=&#8221;60px&#8221; header_2_line_height=&#8221;1.3em&#8221; text_orientation=&#8221;center&#8221; custom_margin=&#8221;||10px|&#8221; animation_style=&#8221;fade&#8221; animation_direction=&#8221;left&#8221; animation_starting_opacity=&#8221;100%&#8221; header_2_font_size_tablet=&#8221;40px&#8221; header_2_font_size_phone=&#8221;&#8221; header_2_font_size_last_edited=&#8221;on|tablet&#8221;]<\/p>\n<h3>Monnaie<\/h3>\n<p><a href=\"https:\/\/drive.google.com\/file\/d\/10U0peYI1HlBoJhL-0mjoVPJkdsp18hHM\/view?usp=sharing\">Pr\u00e9sentation<\/a> de Yannick Lung[\/et_pb_text][\/et_pb_column][\/et_pb_row][et_pb_row column_structure=&#8221;2_5,3_5&#8243; _builder_version=&#8221;4.8.2&#8243; _module_preset=&#8221;default&#8221; hover_enabled=&#8221;0&#8243; sticky_enabled=&#8221;0&#8243;][et_pb_column type=&#8221;2_5&#8243; _builder_version=&#8221;4.8.2&#8243; _module_preset=&#8221;default&#8221;][et_pb_image src=&#8221;https:\/\/leognanentransition.org\/wp-content\/uploads\/2023\/03\/DSCN5407-Copie-scaled.jpg&#8221; alt=&#8221;atelier v\u00e9lo l\u00e9ognan en transition&#8221; title_text=&#8221;DSCN5407 &#8211; Copie&#8221; _builder_version=&#8221;4.8.2&#8243; _module_preset=&#8221;default&#8221; hover_enabled=&#8221;0&#8243; sticky_enabled=&#8221;0&#8243;][\/et_pb_image][\/et_pb_column][et_pb_column type=&#8221;3_5&#8243; _builder_version=&#8221;4.8.2&#8243; _module_preset=&#8221;default&#8221;][et_pb_text admin_label=&#8221;Title&#8221; _builder_version=&#8221;4.8.2&#8243; text_font=&#8221;||||||||&#8221; header_font=&#8221;||||||||&#8221; header_line_height=&#8221;1.2em&#8221; header_2_font=&#8221;Quattrocento||||||||&#8221; header_2_font_size=&#8221;60px&#8221; header_2_line_height=&#8221;1.3em&#8221; text_orientation=&#8221;center&#8221; custom_margin=&#8221;||10px|&#8221; animation_style=&#8221;fade&#8221; animation_direction=&#8221;left&#8221; animation_starting_opacity=&#8221;100%&#8221; header_2_font_size_tablet=&#8221;40px&#8221; header_2_font_size_phone=&#8221;&#8221; header_2_font_size_last_edited=&#8221;on|tablet&#8221;]<\/p>\n<h3>Habitat<\/h3>\n<p>Le projet de la <a href=\"https:\/\/drive.google.com\/file\/d\/1l6QiQrOiaYAqsF8VwD7gQ-BUoPVazrh_\/view?usp=sharing\" target=\"_blank\" rel=\"noopener noreferrer\">Maison de la Transition<\/a>[\/et_pb_text][\/et_pb_column][\/et_pb_row][\/et_pb_section]<\/p>\n","protected":false},"excerpt":{"rendered":"<p>[et_pb_section fb_built=&#8221;1&#8243; admin_label=&#8221;New Arrivals Section&#8221; _builder_version=&#8221;3.22&#8243; custom_padding=&#8221;120px|0px|120px|0px&#8221; locked=&#8221;off&#8221;][et_pb_row _builder_version=&#8221;4.8.2&#8243;][et_pb_column type=&#8221;4_4&#8243; _builder_version=&#8221;3.25&#8243; custom_padding=&#8221;|||&#8221; custom_padding__hover=&#8221;|||&#8221;][et_pb_text admin_label=&#8221;Title&#8221; _builder_version=&#8221;3.27.4&#8243; text_font=&#8221;||||||||&#8221; header_font=&#8221;||||||||&#8221; header_line_height=&#8221;1.2em&#8221; header_2_font=&#8221;Quattrocento||||||||&#8221; header_2_font_size=&#8221;60px&#8221; header_2_line_height=&#8221;1.3em&#8221; text_orientation=&#8221;center&#8221; custom_margin=&#8221;||10px|&#8221; animation_style=&#8221;fade&#8221; animation_direction=&#8221;left&#8221; animation_starting_opacity=&#8221;100%&#8221; header_2_font_size_tablet=&#8221;40px&#8221; header_2_font_size_phone=&#8221;&#8221; header_2_font_size_last_edited=&#8221;on|tablet&#8221;] Documents li\u00e9s \u00e0 nos soir\u00e9es-d\u00e9bats [\/et_pb_text][et_pb_text admin_label=&#8221;Subtitle&#8221; _builder_version=&#8221;4.8.2&#8243; text_font=&#8221;Quattrocento||||||||&#8221; text_font_size=&#8221;18px&#8221; text_line_height=&#8221;2.2em&#8221; header_font=&#8221;||||||||&#8221; header_2_font=&#8221;||||||||&#8221; text_orientation=&#8221;center&#8221; max_width=&#8221;700px&#8221; module_alignment=&#8221;center&#8221; animation_style=&#8221;fade&#8221; animation_direction=&#8221;left&#8221; animation_starting_opacity=&#8221;100%&#8221;]Vous pouvez t\u00e9l\u00e9charger ces documents en lien avec [&hellip;]<\/p>\n","protected":false},"author":1,"featured_media":0,"parent":0,"menu_order":0,"comment_status":"closed","ping_status":"closed","template":"","meta":{"_et_pb_use_builder":"on","_et_pb_old_content":"","_et_gb_content_width":"","footnotes":""},"class_list":["post-507","page","type-page","status-publish","hentry"],"yoast_head":"<!-- This site is optimized with the Yoast SEO plugin v25.6 - https:\/\/yoast.com\/wordpress\/plugins\/seo\/ -->\n<title>Soir\u00e9es-d\u00e9bats - L\u00e9ognan en transition<\/title>\n<meta name=\"description\" content=\"Retrouvez l&#039;ensemble des documents que nous partageons lors de nos soir\u00e9es d\u00e9bats.\" \/>\n<meta name=\"robots\" content=\"index, follow, max-snippet:-1, max-image-preview:large, max-video-preview:-1\" \/>\n<link rel=\"canonical\" href=\"https:\/\/leognanentransition.org\/index.php\/soiree-debat\/\" \/>\n<meta property=\"og:locale\" content=\"en_US\" \/>\n<meta property=\"og:type\" content=\"article\" \/>\n<meta property=\"og:title\" content=\"Soir\u00e9es-d\u00e9bats - L\u00e9ognan en transition\" \/>\n<meta property=\"og:description\" content=\"Retrouvez l&#039;ensemble des documents que nous partageons lors de nos soir\u00e9es d\u00e9bats.\" \/>\n<meta property=\"og:url\" content=\"https:\/\/leognanentransition.org\/index.php\/soiree-debat\/\" \/>\n<meta property=\"og:site_name\" content=\"L\u00e9ognan en transition\" \/>\n<meta property=\"article:publisher\" content=\"https:\/\/www.facebook.com\/people\/Lognan-en-transition\/100088367040274\/\" \/>\n<meta property=\"article:modified_time\" content=\"2024-09-17T11:23:36+00:00\" \/>\n<meta name=\"twitter:card\" content=\"summary_large_image\" \/>\n<meta name=\"twitter:label1\" content=\"Est. reading time\" \/>\n\t<meta name=\"twitter:data1\" content=\"1 minute\" \/>\n<script type=\"application\/ld+json\" class=\"yoast-schema-graph\">{\"@context\":\"https:\/\/schema.org\",\"@graph\":[{\"@type\":\"WebPage\",\"@id\":\"https:\/\/leognanentransition.org\/index.php\/soiree-debat\/\",\"url\":\"https:\/\/leognanentransition.org\/index.php\/soiree-debat\/\",\"name\":\"Soir\u00e9es-d\u00e9bats - L\u00e9ognan en transition\",\"isPartOf\":{\"@id\":\"https:\/\/leognanentransition.org\/#website\"},\"datePublished\":\"2023-10-07T09:42:22+00:00\",\"dateModified\":\"2024-09-17T11:23:36+00:00\",\"description\":\"Retrouvez l'ensemble des documents que nous partageons lors de nos soir\u00e9es d\u00e9bats.\",\"breadcrumb\":{\"@id\":\"https:\/\/leognanentransition.org\/index.php\/soiree-debat\/#breadcrumb\"},\"inLanguage\":\"en-US\",\"potentialAction\":[{\"@type\":\"ReadAction\",\"target\":[\"https:\/\/leognanentransition.org\/index.php\/soiree-debat\/\"]}]},{\"@type\":\"BreadcrumbList\",\"@id\":\"https:\/\/leognanentransition.org\/index.php\/soiree-debat\/#breadcrumb\",\"itemListElement\":[{\"@type\":\"ListItem\",\"position\":1,\"name\":\"Accueil\",\"item\":\"https:\/\/leognanentransition.org\/\"},{\"@type\":\"ListItem\",\"position\":2,\"name\":\"Soir\u00e9es-d\u00e9bats\"}]},{\"@type\":\"WebSite\",\"@id\":\"https:\/\/leognanentransition.org\/#website\",\"url\":\"https:\/\/leognanentransition.org\/\",\"name\":\"L\u00e9ognan en transition\",\"description\":\"Collectif de citoyens engag\u00e9s sur des sujets environnementaux\",\"publisher\":{\"@id\":\"https:\/\/leognanentransition.org\/#organization\"},\"potentialAction\":[{\"@type\":\"SearchAction\",\"target\":{\"@type\":\"EntryPoint\",\"urlTemplate\":\"https:\/\/leognanentransition.org\/?s={search_term_string}\"},\"query-input\":{\"@type\":\"PropertyValueSpecification\",\"valueRequired\":true,\"valueName\":\"search_term_string\"}}],\"inLanguage\":\"en-US\"},{\"@type\":\"Organization\",\"@id\":\"https:\/\/leognanentransition.org\/#organization\",\"name\":\"L\u00e9ognan en transition\",\"url\":\"https:\/\/leognanentransition.org\/\",\"logo\":{\"@type\":\"ImageObject\",\"inLanguage\":\"en-US\",\"@id\":\"https:\/\/leognanentransition.org\/#\/schema\/logo\/image\/\",\"url\":\"https:\/\/leognanentransition.org\/wp-content\/uploads\/2023\/01\/cropped-Logo-10.png\",\"contentUrl\":\"https:\/\/leognanentransition.org\/wp-content\/uploads\/2023\/01\/cropped-Logo-10.png\",\"width\":964,\"height\":624,\"caption\":\"L\u00e9ognan en transition\"},\"image\":{\"@id\":\"https:\/\/leognanentransition.org\/#\/schema\/logo\/image\/\"},\"sameAs\":[\"https:\/\/www.facebook.com\/people\/Lognan-en-transition\/100088367040274\/\",\"https:\/\/www.instagram.com\/leognanentransition\/\"]}]}<\/script>\n<!-- \/ Yoast SEO plugin. -->","yoast_head_json":{"title":"Soir\u00e9es-d\u00e9bats - L\u00e9ognan en transition","description":"Retrouvez l'ensemble des documents que nous partageons lors de nos soir\u00e9es d\u00e9bats.","robots":{"index":"index","follow":"follow","max-snippet":"max-snippet:-1","max-image-preview":"max-image-preview:large","max-video-preview":"max-video-preview:-1"},"canonical":"https:\/\/leognanentransition.org\/index.php\/soiree-debat\/","og_locale":"en_US","og_type":"article","og_title":"Soir\u00e9es-d\u00e9bats - L\u00e9ognan en transition","og_description":"Retrouvez l'ensemble des documents que nous partageons lors de nos soir\u00e9es d\u00e9bats.","og_url":"https:\/\/leognanentransition.org\/index.php\/soiree-debat\/","og_site_name":"L\u00e9ognan en transition","article_publisher":"https:\/\/www.facebook.com\/people\/Lognan-en-transition\/100088367040274\/","article_modified_time":"2024-09-17T11:23:36+00:00","twitter_card":"summary_large_image","twitter_misc":{"Est. reading time":"1 minute"},"schema":{"@context":"https:\/\/schema.org","@graph":[{"@type":"WebPage","@id":"https:\/\/leognanentransition.org\/index.php\/soiree-debat\/","url":"https:\/\/leognanentransition.org\/index.php\/soiree-debat\/","name":"Soir\u00e9es-d\u00e9bats - L\u00e9ognan en transition","isPartOf":{"@id":"https:\/\/leognanentransition.org\/#website"},"datePublished":"2023-10-07T09:42:22+00:00","dateModified":"2024-09-17T11:23:36+00:00","description":"Retrouvez l'ensemble des documents que nous partageons lors de nos soir\u00e9es d\u00e9bats.","breadcrumb":{"@id":"https:\/\/leognanentransition.org\/index.php\/soiree-debat\/#breadcrumb"},"inLanguage":"en-US","potentialAction":[{"@type":"ReadAction","target":["https:\/\/leognanentransition.org\/index.php\/soiree-debat\/"]}]},{"@type":"BreadcrumbList","@id":"https:\/\/leognanentransition.org\/index.php\/soiree-debat\/#breadcrumb","itemListElement":[{"@type":"ListItem","position":1,"name":"Accueil","item":"https:\/\/leognanentransition.org\/"},{"@type":"ListItem","position":2,"name":"Soir\u00e9es-d\u00e9bats"}]},{"@type":"WebSite","@id":"https:\/\/leognanentransition.org\/#website","url":"https:\/\/leognanentransition.org\/","name":"L\u00e9ognan en transition","description":"Collectif de citoyens engag\u00e9s sur des sujets environnementaux","publisher":{"@id":"https:\/\/leognanentransition.org\/#organization"},"potentialAction":[{"@type":"SearchAction","target":{"@type":"EntryPoint","urlTemplate":"https:\/\/leognanentransition.org\/?s={search_term_string}"},"query-input":{"@type":"PropertyValueSpecification","valueRequired":true,"valueName":"search_term_string"}}],"inLanguage":"en-US"},{"@type":"Organization","@id":"https:\/\/leognanentransition.org\/#organization","name":"L\u00e9ognan en transition","url":"https:\/\/leognanentransition.org\/","logo":{"@type":"ImageObject","inLanguage":"en-US","@id":"https:\/\/leognanentransition.org\/#\/schema\/logo\/image\/","url":"https:\/\/leognanentransition.org\/wp-content\/uploads\/2023\/01\/cropped-Logo-10.png","contentUrl":"https:\/\/leognanentransition.org\/wp-content\/uploads\/2023\/01\/cropped-Logo-10.png","width":964,"height":624,"caption":"L\u00e9ognan en transition"},"image":{"@id":"https:\/\/leognanentransition.org\/#\/schema\/logo\/image\/"},"sameAs":["https:\/\/www.facebook.com\/people\/Lognan-en-transition\/100088367040274\/","https:\/\/www.instagram.com\/leognanentransition\/"]}]}},"_links":{"self":[{"href":"https:\/\/leognanentransition.org\/index.php\/wp-json\/wp\/v2\/pages\/507"}],"collection":[{"href":"https:\/\/leognanentransition.org\/index.php\/wp-json\/wp\/v2\/pages"}],"about":[{"href":"https:\/\/leognanentransition.org\/index.php\/wp-json\/wp\/v2\/types\/page"}],"author":[{"embeddable":true,"href":"https:\/\/leognanentransition.org\/index.php\/wp-json\/wp\/v2\/users\/1"}],"replies":[{"embeddable":true,"href":"https:\/\/leognanentransition.org\/index.php\/wp-json\/wp\/v2\/comments?post=507"}],"version-history":[{"count":3,"href":"https:\/\/leognanentransition.org\/index.php\/wp-json\/wp\/v2\/pages\/507\/revisions"}],"predecessor-version":[{"id":668,"href":"https:\/\/leognanentransition.org\/index.php\/wp-json\/wp\/v2\/pages\/507\/revisions\/668"}],"wp:attachment":[{"href":"https:\/\/leognanentransition.org\/index.php\/wp-json\/wp\/v2\/media?parent=507"}],"curies":[{"name":"wp","href":"https:\/\/api.w.org\/{rel}","templated":true}]}}